{"id":5166,"date":"2021-04-13T14:37:21","date_gmt":"2021-04-13T12:37:21","guid":{"rendered":"https:\/\/vonhacht-masters.de\/?page_id=5166"},"modified":"2021-06-11T09:30:35","modified_gmt":"2021-06-11T07:30:35","slug":"impressum","status":"publish","type":"page","link":"https:\/\/vonhacht-masters.de\/index.php\/impressum\/","title":{"rendered":"Impressum"},"content":{"rendered":"<section class=\"l-section wpb_row height_medium\"><div class=\"l-section-h i-cf\"><div class=\"g-cols vc_row via_flex valign_top type_default stacking_default\"><div class=\"vc_col-sm-12 wpb_column vc_column_container\"><div class=\"vc_column-inner\"><div class=\"wpb_wrapper\"><div class=\"wpb_text_column\"><div class=\"wpb_wrapper\"><h1>Impressum<\/h1>\n<h2>Angaben gem\u00e4\u00df \u00a7 5 TMG<\/h2>\n<p>vonHacht-Masters.de Radsport-Renngemeinschaft<\/p>\n<p>Christian Hamburg<br \/>\nAltengammer Elbdeich 119<br \/>\n21039 Hamburg<\/p>\n<h2>Kontakt<\/h2>\n<p>Telefon: +49 40 7235267<br \/>\nE-Mail: kontakt@vonhacht-masters.de<\/p>\n<h2>Redaktionell Verantwortlicher<\/h2>\n<p>Christian Hamburg<br \/>\nAltengammer Elbdeich 119<br \/>\n21039 Hamburg<\/p>\n<h2>Haftung f\u00fcr Inhalte<\/h2>\n<p>Als Diensteanbieter sind wir gem\u00e4\u00df \u00a7 7 Abs.1 TMG f\u00fcr eigene Inhalte auf diesen Seiten nach den allgemeinen Gesetzen verantwortlich. Nach \u00a7\u00a7 8 bis 10 TMG sind wir als Diensteanbieter jedoch nicht verpflichtet, \u00fcbermittelte oder gespeicherte fremde Informationen zu \u00fcberwachen oder nach Umst\u00e4nden zu forschen, die auf eine rechtswidrige T\u00e4tigkeit hinweisen.<br \/>\nVerpflichtungen zur Entfernung oder Sperrung der Nutzung von Informationen nach den allgemeinen Gesetzen bleiben hiervon unber\u00fchrt. Eine diesbez\u00fcgliche Haftung ist jedoch erst ab dem Zeitpunkt der Kenntnis einer konkreten Rechtsverletzung m\u00f6glich. Bei Bekanntwerden von entsprechenden Rechtsverletzungen werden wir diese Inhalte umgehend entfernen.<\/p>\n<h2>Haftung f\u00fcr Links<\/h2>\n<p>Unser Angebot enth\u00e4lt Links zu externen Websites Dritter, auf deren Inhalte wir keinen Einfluss haben. Deshalb k\u00f6nnen wir f\u00fcr diese fremden Inhalte auch keine Gew\u00e4hr \u00fcbernehmen. F\u00fcr die Inhalte der verlinkten Seiten ist stets der jeweilige Anbieter oder Betreiber der Seiten verantwortlich. Die verlinkten Seiten wurden zum Zeitpunkt der Verlinkung auf m\u00f6gliche Rechtsverst\u00f6\u00dfe \u00fcberpr\u00fcft. Rechtswidrige Inhalte waren zum Zeitpunkt der Verlinkung nicht erkennbar.<br \/>\nEine permanente inhaltliche Kontrolle der verlinkten Seiten ist jedoch ohne konkrete Anhaltspunkte einer Rechtsverletzung nicht zumutbar. Bei Bekanntwerden von Rechtsverletzungen werden wir derartige Links umgehend entfernen.<\/p>\n<h2>Urheberrecht<\/h2>\n<p>Die durch die Seitenbetreiber erstellten Inhalte und Werke auf diesen Seiten unterliegen dem deutschen Urheberrecht. Die Vervielf\u00e4ltigung, Bearbeitung, Verbreitung und jede Art der Verwertung au\u00dferhalb der Grenzen des Urheberrechtes bed\u00fcrfen der schriftlichen Zustimmung des jeweiligen Autors bzw. Erstellers. Downloads und Kopien dieser Seite sind nur f\u00fcr den privaten, nicht kommerziellen Gebrauch gestattet.<\/p>\n<p>Soweit die Inhalte auf dieser Seite nicht vom Betreiber erstellt wurden, werden die Urheberrechte Dritter beachtet. Insbesondere werden Inhalte Dritter als solche gekennzeichnet. Sollten Sie trotzdem auf eine Urheberrechtsverletzung aufmerksam werden, bitten wir um einen entsprechenden Hinweis. Bei Bekanntwerden von Rechtsverletzungen werden wir derartige Inhalte umgehend entfernen.<\/p>\n<h2>Verbraucherstreitbeilegung\/Universalschlichtungsstelle<\/h2>\n<p>Wir sind nicht bereit oder verpflichtet, an Streitbeilegungsverfahren vor einer Verbraucherschlichtungsstelle teilzunehmen.<\/p>\n<p>Quelle: e-recht24.de<\/p>\n<h3>Design und Realisation:<\/h3>\n<p><a href=\"https:\/\/www.dingsbums-agentur.de\/\">Unit Dingsbums \u2013 Das Kreativb\u00fcro (Die Etagen GmbH)<\/a><\/p>\n<\/div><\/div><\/div><\/div><\/div><\/div><\/div><\/section>","protected":false},"excerpt":{"rendered":"Impressum Angaben gem\u00e4\u00df \u00a7 5 TMG vonHacht-Masters.de Radsport-Renngemeinschaft Christian Hamburg Altengammer Elbdeich 119 21039 Hamburg Kontakt Telefon: +49 40 7235267 E-Mail: kontakt@vonhacht-masters.de Redaktionell Verantwortlicher Christian Hamburg Altengammer Elbdeich 119 21039 Hamburg Haftung f\u00fcr Inhalte Als Diensteanbieter sind wir gem\u00e4\u00df \u00a7 7 Abs.1 TMG f\u00fcr eigene Inhalte auf diesen Seiten nach den allgemeinen Gesetzen verantwortlich. Nach...","protected":false},"author":2,"featured_media":0,"parent":0,"menu_order":0,"comment_status":"closed","ping_status":"closed","template":"","meta":{"_acf_changed":false,"footnotes":""},"class_list":["post-5166","page","type-page","status-publish","hentry"],"acf":[],"_links":{"self":[{"href":"https:\/\/vonhacht-masters.de\/index.php\/wp-json\/wp\/v2\/pages\/5166","targetHints":{"allow":["GET"]}}],"collection":[{"href":"https:\/\/vonhacht-masters.de\/index.php\/wp-json\/wp\/v2\/pages"}],"about":[{"href":"https:\/\/vonhacht-masters.de\/index.php\/wp-json\/wp\/v2\/types\/page"}],"author":[{"embeddable":true,"href":"https:\/\/vonhacht-masters.de\/index.php\/wp-json\/wp\/v2\/users\/2"}],"replies":[{"embeddable":true,"href":"https:\/\/vonhacht-masters.de\/index.php\/wp-json\/wp\/v2\/comments?post=5166"}],"version-history":[{"count":8,"href":"https:\/\/vonhacht-masters.de\/index.php\/wp-json\/wp\/v2\/pages\/5166\/revisions"}],"predecessor-version":[{"id":5198,"href":"https:\/\/vonhacht-masters.de\/index.php\/wp-json\/wp\/v2\/pages\/5166\/revisions\/5198"}],"wp:attachment":[{"href":"https:\/\/vonhacht-masters.de\/index.php\/wp-json\/wp\/v2\/media?parent=5166"}],"curies":[{"name":"wp","href":"https:\/\/api.w.org\/{rel}","templated":true}]}}